{"id":10490,"date":"2025-05-14T00:45:46","date_gmt":"2025-05-14T00:45:46","guid":{"rendered":"https:\/\/karladelara.com\/colecciones\/joyas-de-mexico\/"},"modified":"2026-04-15T02:09:50","modified_gmt":"2026-04-15T02:09:50","slug":"joyas-de-mexico","status":"publish","type":"page","link":"https:\/\/karladelara.com\/es\/colecciones\/joyas-de-mexico\/","title":{"rendered":"Joyas de M\u00e9xico"},"content":{"rendered":"\t\t<div data-elementor-type=\"wp-page\" data-elementor-id=\"10490\" class=\"elementor elementor-10490 elementor-5815\" data-elementor-post-type=\"page\">\n\t\t\t\t<div class=\"e-con-with-custom-width elementor-element elementor-element-296e7381 e-flex e-con-boxed sc_layouts_column_icons_position_left e-con e-parent\" data-id=\"296e7381\" data-element_type=\"container\" data-e-type=\"container\" data-settings=\"{&quot;background_background&quot;:&quot;classic&quot;}\">\n\t\t\t\t\t<div class=\"e-con-inner\">\n\t\t<div class=\"elementor-element elementor-element-35d02bab e-con-full e-flex sc_layouts_column_icons_position_left e-con e-child\" data-id=\"35d02bab\" data-element_type=\"container\" data-e-type=\"container\">\n\t\t\t\t<div data-animation-type=\"block\" class=\"elementor-element elementor-element-6f7755ea animation_type_block sc_fly_static elementor-invisible elementor-widget elementor-widget-heading\" data-id=\"6f7755ea\" data-element_type=\"widget\" data-e-type=\"widget\" data-settings=\"{&quot;_animation&quot;:&quot;ta_fadeinup&quot;}\" data-widget_type=\"heading.default\">\n\t\t\t\t<div class=\"elementor-widget-container\">\n\t\t\t\t\t<h6 class=\"elementor-heading-title elementor-size-default\"><a href=\"https:\/\/karladelara.com\/es\/colecciones\/\">Colecciones<\/a><\/h6>\t\t\t\t<\/div>\n\t\t\t\t<\/div>\n\t\t\t\t<div data-animation-type=\"block\" class=\"elementor-element elementor-element-652ce6ab elementor-widget__width-initial animation_type_block sc_fly_static elementor-invisible elementor-widget elementor-widget-heading\" data-id=\"652ce6ab\" data-element_type=\"widget\" data-e-type=\"widget\" data-settings=\"{&quot;_animation&quot;:&quot;ta_fadeinup&quot;,&quot;_animation_delay&quot;:100}\" data-widget_type=\"heading.default\">\n\t\t\t\t<div class=\"elementor-widget-container\">\n\t\t\t\t\t<h1 class=\"elementor-heading-title elementor-size-default\">Joyas de M\u00e9xico<\/h1>\t\t\t\t<\/div>\n\t\t\t\t<\/div>\n\t\t\t\t<div data-animation-type=\"block\" class=\"elementor-element elementor-element-4f99ad89 elementor-widget__width-initial animation_type_block sc_fly_static elementor-invisible elementor-widget elementor-widget-text-editor\" data-id=\"4f99ad89\" data-element_type=\"widget\" data-e-type=\"widget\" data-settings=\"{&quot;_animation&quot;:&quot;ta_fadeinup&quot;,&quot;_animation_delay&quot;:100}\" data-widget_type=\"text-editor.default\">\n\t\t\t\t<div class=\"elementor-widget-container\">\n\t\t\t\t\t\t\t\t\t<h5><span style=\"color: #79a9bd;\">El vibrante esp\u00edritu de M\u00e9xico.<\/span><\/h5>\t\t\t\t\t\t\t\t<\/div>\n\t\t\t\t<\/div>\n\t\t\t\t<\/div>\n\t\t<div data-parallax-params=\"{&quot;parallax&quot;:1,&quot;flow&quot;:&quot;default&quot;,&quot;crop&quot;:&quot;none&quot;,&quot;ease&quot;:&quot;power2&quot;,&quot;transition&quot;:1,&quot;duration&quot;:1,&quot;delay&quot;:0,&quot;squeeze&quot;:1,&quot;text&quot;:&quot;block&quot;,&quot;text_separate&quot;:0,&quot;text_wrap&quot;:0,&quot;mouse&quot;:0,&quot;mouse_type&quot;:&quot;transform3d&quot;,&quot;mouse_tilt_amount&quot;:70,&quot;mouse_speed&quot;:10,&quot;mouse_z&quot;:&quot;&quot;,&quot;mouse_handler&quot;:&quot;row&quot;,&quot;range_start&quot;:0,&quot;range_end&quot;:40,&quot;sticky_offset&quot;:0,&quot;lag&quot;:0,&quot;x_start&quot;:0,&quot;x_start_unit&quot;:&quot;px&quot;,&quot;x_end&quot;:0,&quot;x_end_unit&quot;:&quot;px&quot;,&quot;y_start&quot;:0,&quot;y_start_unit&quot;:&quot;px&quot;,&quot;y_end&quot;:0,&quot;y_end_unit&quot;:&quot;px&quot;,&quot;scale_start&quot;:100,&quot;scale_end&quot;:100,&quot;rotate_start&quot;:0,&quot;rotate_end&quot;:0,&quot;opacity_start&quot;:1,&quot;opacity_end&quot;:1,&quot;crop_start&quot;:0,&quot;crop_end&quot;:100,&quot;blur_start&quot;:0,&quot;blur_end&quot;:0,&quot;backdrop_blur_start&quot;:0,&quot;backdrop_blur_end&quot;:0}\" class=\"elementor-element elementor-element-cec28c7 e-con-full sc_parallax e-flex sc_layouts_column_icons_position_left sc_parallax_default e-con e-child\" data-id=\"cec28c7\" data-element_type=\"container\" data-e-type=\"container\" data-settings=\"{&quot;background_background&quot;:&quot;classic&quot;}\">\n\t\t\t\t<div class=\"elementor-element elementor-element-f055305 elementor-widget__width-initial sc_fly_static elementor-widget elementor-widget-text-editor\" data-id=\"f055305\" data-element_type=\"widget\" data-e-type=\"widget\" data-widget_type=\"text-editor.default\">\n\t\t\t\t<div class=\"elementor-widget-container\">\n\t\t\t\t\t\t\t\t\t<p><em>\u00abJoyas de M\u00e9xico\u00bb<\/em> es una cautivadora colecci\u00f3n h\u00edper pop&nbsp;<span style=\"font-family: \"Roboto Serif\", serif; font-size: 18px; font-style: normal;\">en la que<\/span> Karla de Lara encapsula magistralmente la belleza, la cultura y la rica historia de nuestro querido M\u00e9xico. A trav\u00e9s de sus po\u00e9ticas pinceladas, expresa su profundo amor por la tierra y su gente, revelando su inmensa grandeza al mundo. Esta colecci\u00f3n es un testimonio del coraz\u00f3n y el alma de una naci\u00f3n, e invita a todos a experimentar la magia que habita en su interior.  <\/p>\t\t\t\t\t\t\t\t<\/div>\n\t\t\t\t<\/div>\n\t\t\t\t<\/div>\n\t\t<div data-animation-type=\"block\" class=\"elementor-element elementor-element-6f741186 e-con-full e-flex sc_layouts_column_icons_position_left animation_type_block elementor-invisible e-con e-child\" data-id=\"6f741186\" data-element_type=\"container\" data-e-type=\"container\" data-settings=\"{&quot;animation&quot;:&quot;ta_fadeinup&quot;,&quot;animation_delay&quot;:100}\">\n\t\t<div class=\"elementor-element elementor-element-25c1da54 e-con-full e-flex sc_layouts_column_icons_position_left e-con e-child\" data-id=\"25c1da54\" data-element_type=\"container\" data-e-type=\"container\">\n\t\t\t\t<div class=\"elementor-element elementor-element-f0e2df7 sc_fly_static elementor-widget elementor-widget-gallery\" data-id=\"f0e2df7\" data-element_type=\"widget\" data-e-type=\"widget\" data-settings=\"{&quot;gallery_layout&quot;:&quot;masonry&quot;,&quot;columns&quot;:2,&quot;gap&quot;:{&quot;unit&quot;:&quot;px&quot;,&quot;size&quot;:60,&quot;sizes&quot;:[]},&quot;overlay_title&quot;:&quot;title&quot;,&quot;overlay_description&quot;:&quot;description&quot;,&quot;content_hover_animation&quot;:&quot;enter-from-bottom&quot;,&quot;background_overlay_hover_animation&quot;:&quot;enter-from-top&quot;,&quot;gap_tablet&quot;:{&quot;unit&quot;:&quot;px&quot;,&quot;size&quot;:30,&quot;sizes&quot;:[]},&quot;gap_mobile&quot;:{&quot;unit&quot;:&quot;px&quot;,&quot;size&quot;:20,&quot;sizes&quot;:[]},&quot;lazyload&quot;:&quot;yes&quot;,&quot;columns_tablet&quot;:2,&quot;columns_mobile&quot;:1,&quot;link_to&quot;:&quot;file&quot;,&quot;overlay_background&quot;:&quot;yes&quot;}\" data-widget_type=\"gallery.default\">\n\t\t\t\t<div class=\"elementor-widget-container\">\n\t\t\t\t\t\t\t<div class=\"elementor-gallery__container\">\n\t\t\t\t\t\t\t<a class=\"e-gallery-item elementor-gallery-item elementor-animated-content\" href=\"https:\/\/karladelara.com\/wp-content\/uploads\/2025\/05\/ALMA-DE-MEXICO-698x1024-1-e1747183922323.jpg\" data-elementor-open-lightbox=\"yes\" data-elementor-lightbox-slideshow=\"f0e2df7\" data-elementor-lightbox-title=\"Alma de Mexico\" data-elementor-lightbox-description=\"Acrylic \/ High Gloss, 78.74 x 63 in\" data-e-action-hash=\"#elementor-action%3Aaction%3Dlightbox%26settings%3DeyJpZCI6NTgxNywidXJsIjoiaHR0cHM6XC9cL2thcmxhZGVsYXJhLmNvbVwvd3AtY29udGVudFwvdXBsb2Fkc1wvMjAyNVwvMDVcL0FMTUEtREUtTUVYSUNPLTY5OHgxMDI0LTEtZTE3NDcxODM5MjIzMjMuanBnIiwic2xpZGVzaG93IjoiZjBlMmRmNyJ9\">\n\t\t\t\t\t<div class=\"e-gallery-image elementor-gallery-item__image\" data-thumbnail=\"https:\/\/karladelara.com\/wp-content\/uploads\/2025\/05\/ALMA-DE-MEXICO-698x1024-1-e1747183922323.jpg\" data-width=\"652\" data-height=\"980\" aria-label=\"\" role=\"img\" ><\/div>\n\t\t\t\t\t\t\t\t\t\t\t<div class=\"elementor-gallery-item__overlay\"><\/div>\n\t\t\t\t\t\t\t\t\t\t\t\t\t\t\t<div class=\"elementor-gallery-item__content\">\n\t\t\t\t\t\t\t\t\t\t\t\t\t\t<div class=\"elementor-gallery-item__title\">\n\t\t\t\t\t\t\t\t\t\t\t\t\t\t\t\t\t\tAlma de Mexico\t\t\t\t\t\t\t\t<\/div>\n\t\t\t\t\t\t\t\t\t\t\t\t\t\t\t<div class=\"elementor-gallery-item__description\">\n\t\t\t\t\t\t\t\t\t\t\t\t\t\t\t\t\t\tAcrylic \/ High Gloss, 78.74 x 63 in\t\t\t\t\t\t\t\t<\/div>\n\t\t\t\t\t\t\t\t\t\t\t\t<\/div>\n\t\t\t\t\t\t\t\t\t<\/a>\n\t\t\t\t\t\t\t<a class=\"e-gallery-item elementor-gallery-item elementor-animated-content\" href=\"https:\/\/karladelara.com\/wp-content\/uploads\/2025\/05\/MEXICO-BELLAS-ARTES_-Acrilico-high-gloss-70-x-80-cm-1024x895-1-e1747183901856.jpg\" data-elementor-open-lightbox=\"yes\" data-elementor-lightbox-slideshow=\"f0e2df7\" data-elementor-lightbox-title=\"Bellas Artes\" data-elementor-lightbox-description=\"Acrylic \/ High Gloss, 31.49 x 27.55 in\" data-e-action-hash=\"#elementor-action%3Aaction%3Dlightbox%26settings%3DeyJpZCI6NTgxOSwidXJsIjoiaHR0cHM6XC9cL2thcmxhZGVsYXJhLmNvbVwvd3AtY29udGVudFwvdXBsb2Fkc1wvMjAyNVwvMDVcL01FWElDTy1CRUxMQVMtQVJURVNfLUFjcmlsaWNvLWhpZ2gtZ2xvc3MtNzAteC04MC1jbS0xMDI0eDg5NS0xLWUxNzQ3MTgzOTAxODU2LmpwZyIsInNsaWRlc2hvdyI6ImYwZTJkZjcifQ%3D%3D\">\n\t\t\t\t\t<div class=\"e-gallery-image elementor-gallery-item__image\" data-thumbnail=\"https:\/\/karladelara.com\/wp-content\/uploads\/2025\/05\/MEXICO-BELLAS-ARTES_-Acrilico-high-gloss-70-x-80-cm-1024x895-1-e1747183901856.jpg\" data-width=\"937\" data-height=\"815\" aria-label=\"\" role=\"img\" ><\/div>\n\t\t\t\t\t\t\t\t\t\t\t<div class=\"elementor-gallery-item__overlay\"><\/div>\n\t\t\t\t\t\t\t\t\t\t\t\t\t\t\t<div class=\"elementor-gallery-item__content\">\n\t\t\t\t\t\t\t\t\t\t\t\t\t\t<div class=\"elementor-gallery-item__title\">\n\t\t\t\t\t\t\t\t\t\t\t\t\t\t\t\t\t\tBellas Artes\t\t\t\t\t\t\t\t<\/div>\n\t\t\t\t\t\t\t\t\t\t\t\t\t\t\t<div class=\"elementor-gallery-item__description\">\n\t\t\t\t\t\t\t\t\t\t\t\t\t\t\t\t\t\tAcrylic \/ High Gloss, 31.49 x 27.55 in\t\t\t\t\t\t\t\t<\/div>\n\t\t\t\t\t\t\t\t\t\t\t\t<\/div>\n\t\t\t\t\t\t\t\t\t<\/a>\n\t\t\t\t\t<\/div>\n\t\t\t\t\t<\/div>\n\t\t\t\t<\/div>\n\t\t\t\t<\/div>\n\t\t\t\t<\/div>\n\t\t<div data-parallax-params=\"{&quot;parallax&quot;:1,&quot;flow&quot;:&quot;default&quot;,&quot;crop&quot;:&quot;none&quot;,&quot;ease&quot;:&quot;power2&quot;,&quot;transition&quot;:1,&quot;duration&quot;:1,&quot;delay&quot;:0,&quot;squeeze&quot;:1,&quot;text&quot;:&quot;block&quot;,&quot;text_separate&quot;:0,&quot;text_wrap&quot;:0,&quot;mouse&quot;:0,&quot;mouse_type&quot;:&quot;transform3d&quot;,&quot;mouse_tilt_amount&quot;:70,&quot;mouse_speed&quot;:10,&quot;mouse_z&quot;:&quot;&quot;,&quot;mouse_handler&quot;:&quot;row&quot;,&quot;range_start&quot;:0,&quot;range_end&quot;:40,&quot;sticky_offset&quot;:0,&quot;lag&quot;:0,&quot;x_start&quot;:0,&quot;x_start_unit&quot;:&quot;px&quot;,&quot;x_end&quot;:0,&quot;x_end_unit&quot;:&quot;px&quot;,&quot;y_start&quot;:0,&quot;y_start_unit&quot;:&quot;px&quot;,&quot;y_end&quot;:0,&quot;y_end_unit&quot;:&quot;px&quot;,&quot;scale_start&quot;:100,&quot;scale_end&quot;:100,&quot;rotate_start&quot;:0,&quot;rotate_end&quot;:0,&quot;opacity_start&quot;:1,&quot;opacity_end&quot;:1,&quot;crop_start&quot;:0,&quot;crop_end&quot;:100,&quot;blur_start&quot;:0,&quot;blur_end&quot;:0,&quot;backdrop_blur_start&quot;:0,&quot;backdrop_blur_end&quot;:0}\" class=\"elementor-element elementor-element-ec3c6f3 e-con-full sc_parallax e-flex sc_layouts_column_icons_position_left sc_parallax_default e-con e-child\" data-id=\"ec3c6f3\" data-element_type=\"container\" data-e-type=\"container\">\n\t\t\t\t<div class=\"elementor-element elementor-element-66e044f sc_fly_static elementor-widget elementor-widget-heading\" data-id=\"66e044f\" data-element_type=\"widget\" data-e-type=\"widget\" data-widget_type=\"heading.default\">\n\t\t\t\t<div class=\"elementor-widget-container\">\n\t\t\t\t\t<h2 class=\"elementor-heading-title elementor-size-default\">\u00abEn esta colecci\u00f3n, expreso mi profunda admiraci\u00f3n y amor por mi tierra natal al revelar un M\u00e9xico desconocido, rico en misticismo y legado\u00bb.<\/h2>\t\t\t\t<\/div>\n\t\t\t\t<\/div>\n\t\t\t\t<div class=\"elementor-element elementor-element-94bf7d9 sc_fly_static elementor-widget elementor-widget-heading\" data-id=\"94bf7d9\" data-element_type=\"widget\" data-e-type=\"widget\" data-widget_type=\"heading.default\">\n\t\t\t\t<div class=\"elementor-widget-container\">\n\t\t\t\t\t<h6 class=\"elementor-heading-title elementor-size-default\">Karla de Lara<\/h6>\t\t\t\t<\/div>\n\t\t\t\t<\/div>\n\t\t\t\t<\/div>\n\t\t\t\t\t<\/div>\n\t\t\t\t<\/div>\n\t\t<div class=\"elementor-element elementor-element-4b3c1c9c e-flex e-con-boxed sc_layouts_column_icons_position_left e-con e-parent\" data-id=\"4b3c1c9c\" data-element_type=\"container\" data-e-type=\"container\">\n\t\t\t\t\t<div class=\"e-con-inner\">\n\t\t<div data-animation-type=\"block\" class=\"elementor-element elementor-element-2b2cbd8 e-con-full e-flex sc_layouts_column_icons_position_left animation_type_block elementor-invisible e-con e-child\" data-id=\"2b2cbd8\" data-element_type=\"container\" data-e-type=\"container\" data-settings=\"{&quot;animation&quot;:&quot;ta_fadeinup&quot;}\">\n\t\t\t\t<div class=\"elementor-element elementor-element-450f2e0 trx-addons-icon-list-traditional elementor-list-item-link-inline trx-addons-icon-left sc_fly_static elementor-widget elementor-widget-trx_elm_icon_list\" data-id=\"450f2e0\" data-element_type=\"widget\" data-e-type=\"widget\" data-widget_type=\"trx_elm_icon_list.default\">\n\t\t\t\t<div class=\"elementor-widget-container\">\n\t\t\t\t\t\t\t<div class=\"trx-addons-list-container\">\n\t\t\t<ul class=\"trx-addons-list-items\">\n\t\t\t\t\t\t\t\t\t\t\t\t\t\t\t\t\t\t\t\t\t<li class=\"trx-addons-icon-list-item trx-addons-icon-list-item-with-link elementor-repeater-item-b74cdff\">\n\t\t\t\t\t\t\t\t\t\t\t\t\t\t\t<a href=\"https:\/\/karladelara.com\/es\/colecciones\/\">\n\t\t\t\t\t\t\t\t\t\t\t\t\t\t\t<h5 class=\"trx-addons-icon-list-text\">\n\t\t\t\t\t\t\t\tVer todas las Colecciones\t\t\t\t\t\t\t<\/h5>\n\t\t\t\t\t\t\t\t\t\t\t\t\t\t\t<\/a>\n\t\t\t\t\t\t\t\t\t\t\t\t\t\t<\/li>\n\t\t\t\t\t\t\t\t\t\t\t\t\t<\/ul>\n\t\t<\/div>\n\t\t\t\t\t\t<\/div>\n\t\t\t\t<\/div>\n\t\t\t\t<\/div>\n\t\t\t\t\t<\/div>\n\t\t\t\t<\/div>\n\t\t<div class=\"e-con-with-custom-width elementor-element elementor-element-3e4306f2 e-flex e-con-boxed sc_layouts_column_icons_position_left animation_type_block elementor-invisible e-con e-parent\" data-animation-type=\"block\" data-id=\"3e4306f2\" data-element_type=\"container\" data-e-type=\"container\" data-settings=\"{&quot;background_background&quot;:&quot;classic&quot;,&quot;background_motion_fx_motion_fx_scrolling&quot;:&quot;yes&quot;,&quot;background_motion_fx_translateY_effect&quot;:&quot;yes&quot;,&quot;animation&quot;:&quot;fadeInUp&quot;,&quot;background_motion_fx_translateY_speed&quot;:{&quot;unit&quot;:&quot;px&quot;,&quot;size&quot;:4,&quot;sizes&quot;:[]},&quot;background_motion_fx_translateY_affectedRange&quot;:{&quot;unit&quot;:&quot;%&quot;,&quot;size&quot;:&quot;&quot;,&quot;sizes&quot;:{&quot;start&quot;:0,&quot;end&quot;:100}},&quot;background_motion_fx_devices&quot;:[&quot;desktop&quot;,&quot;tablet&quot;,&quot;mobile&quot;]}\">\n\t\t\t\t\t<div class=\"e-con-inner\">\n\t\t\t\t<div data-animation-type=\"block\" class=\"elementor-element elementor-element-154fb375 animation_type_block sc_fly_static elementor-invisible elementor-widget elementor-widget-heading\" data-id=\"154fb375\" data-element_type=\"widget\" data-e-type=\"widget\" data-settings=\"{&quot;_animation&quot;:&quot;ta_fadeinup&quot;}\" data-widget_type=\"heading.default\">\n\t\t\t\t<div class=\"elementor-widget-container\">\n\t\t\t\t\t<h2 class=\"elementor-heading-title elementor-size-default\">\u00bfLe interesa una obra?<\/h2>\t\t\t\t<\/div>\n\t\t\t\t<\/div>\n\t\t\t\t<div data-animation-type=\"block\" class=\"elementor-element elementor-element-1ab7b331 animation_type_block sc_fly_static elementor-invisible elementor-widget elementor-widget-button\" data-id=\"1ab7b331\" data-element_type=\"widget\" data-e-type=\"widget\" data-settings=\"{&quot;_animation&quot;:&quot;ta_fadeinup&quot;,&quot;_animation_delay&quot;:50}\" data-widget_type=\"button.default\">\n\t\t\t\t<div class=\"elementor-widget-container\">\n\t\t\t\t\t\t\t\t\t<div class=\"elementor-button-wrapper\">\n\t\t\t\t\t<a class=\"elementor-button elementor-button-link elementor-size-sm\" href=\"https:\/\/karladelara.com\/es\/contacto\/\">\n\t\t\t\t\t\t<span class=\"elementor-button-content-wrapper\">\n\t\t\t\t\t\t\t\t\t<span class=\"elementor-button-text\">P\u00f3ngase en contacto<\/span>\n\t\t\t\t\t<\/span>\n\t\t\t\t\t<\/a>\n\t\t\t\t<\/div>\n\t\t\t\t\t\t\t\t<\/div>\n\t\t\t\t<\/div>\n\t\t\t\t\t<\/div>\n\t\t\t\t<\/div>\n\t\t\t\t<\/div>\n\t\t","protected":false},"excerpt":{"rendered":"<p>Colecciones Joyas de M\u00e9xico El vibrante esp\u00edritu de M\u00e9xico. \u00abJoyas de M\u00e9xico\u00bb es&hellip;<\/p>\n","protected":false},"author":1,"featured_media":10491,"parent":10390,"menu_order":0,"comment_status":"closed","ping_status":"closed","template":"","meta":{"footnotes":""},"class_list":["post-10490","page","type-page","status-publish","has-post-thumbnail","hentry"],"yoast_head":"<!-- This site is optimized with the Yoast SEO plugin v27.4 - https:\/\/yoast.com\/product\/yoast-seo-wordpress\/ -->\n<title>Joyas de M\u00e9xico - Karla de Lara<\/title>\n<meta name=\"robots\" content=\"index, follow, max-snippet:-1, max-image-preview:large, max-video-preview:-1\" \/>\n<link rel=\"canonical\" href=\"https:\/\/karladelara.com\/es\/colecciones\/joyas-de-mexico\/\" \/>\n<meta property=\"og:locale\" content=\"es_ES\" \/>\n<meta property=\"og:type\" content=\"article\" \/>\n<meta property=\"og:title\" content=\"Joyas de M\u00e9xico - Karla de Lara\" \/>\n<meta property=\"og:description\" content=\"Colecciones Joyas de M\u00e9xico El vibrante esp\u00edritu de M\u00e9xico. \u00abJoyas de M\u00e9xico\u00bb es&hellip;\" \/>\n<meta property=\"og:url\" content=\"https:\/\/karladelara.com\/es\/colecciones\/joyas-de-mexico\/\" \/>\n<meta property=\"og:site_name\" content=\"Karla de Lara\" \/>\n<meta property=\"article:modified_time\" content=\"2026-04-15T02:09:50+00:00\" \/>\n<meta property=\"og:image\" content=\"https:\/\/karladelara.com\/wp-content\/uploads\/2025\/05\/MEXICO-VITRAL-JARDIN-BOTANICO-TOLUCA-1-1024x502-1.jpg\" \/>\n\t<meta property=\"og:image:width\" content=\"1024\" \/>\n\t<meta property=\"og:image:height\" content=\"502\" \/>\n\t<meta property=\"og:image:type\" content=\"image\/jpeg\" \/>\n<meta name=\"twitter:card\" content=\"summary_large_image\" \/>\n<meta name=\"twitter:label1\" content=\"Tiempo de lectura\" \/>\n\t<meta name=\"twitter:data1\" content=\"1 minuto\" \/>\n<script type=\"application\/ld+json\" class=\"yoast-schema-graph\">{\"@context\":\"https:\\\/\\\/schema.org\",\"@graph\":[{\"@type\":\"WebPage\",\"@id\":\"https:\\\/\\\/karladelara.com\\\/es\\\/colecciones\\\/joyas-de-mexico\\\/\",\"url\":\"https:\\\/\\\/karladelara.com\\\/es\\\/colecciones\\\/joyas-de-mexico\\\/\",\"name\":\"Joyas de M\u00e9xico - Karla de Lara\",\"isPartOf\":{\"@id\":\"https:\\\/\\\/karladelara.com\\\/es\\\/#website\"},\"primaryImageOfPage\":{\"@id\":\"https:\\\/\\\/karladelara.com\\\/es\\\/colecciones\\\/joyas-de-mexico\\\/#primaryimage\"},\"image\":{\"@id\":\"https:\\\/\\\/karladelara.com\\\/es\\\/colecciones\\\/joyas-de-mexico\\\/#primaryimage\"},\"thumbnailUrl\":\"https:\\\/\\\/karladelara.com\\\/wp-content\\\/uploads\\\/2025\\\/05\\\/MEXICO-VITRAL-JARDIN-BOTANICO-TOLUCA-1-1024x502-1.jpg\",\"datePublished\":\"2025-05-14T00:45:46+00:00\",\"dateModified\":\"2026-04-15T02:09:50+00:00\",\"breadcrumb\":{\"@id\":\"https:\\\/\\\/karladelara.com\\\/es\\\/colecciones\\\/joyas-de-mexico\\\/#breadcrumb\"},\"inLanguage\":\"es\",\"potentialAction\":[{\"@type\":\"ReadAction\",\"target\":[\"https:\\\/\\\/karladelara.com\\\/es\\\/colecciones\\\/joyas-de-mexico\\\/\"]}]},{\"@type\":\"ImageObject\",\"inLanguage\":\"es\",\"@id\":\"https:\\\/\\\/karladelara.com\\\/es\\\/colecciones\\\/joyas-de-mexico\\\/#primaryimage\",\"url\":\"https:\\\/\\\/karladelara.com\\\/wp-content\\\/uploads\\\/2025\\\/05\\\/MEXICO-VITRAL-JARDIN-BOTANICO-TOLUCA-1-1024x502-1.jpg\",\"contentUrl\":\"https:\\\/\\\/karladelara.com\\\/wp-content\\\/uploads\\\/2025\\\/05\\\/MEXICO-VITRAL-JARDIN-BOTANICO-TOLUCA-1-1024x502-1.jpg\",\"width\":1024,\"height\":502,\"caption\":\"Colors of Mexico\"},{\"@type\":\"BreadcrumbList\",\"@id\":\"https:\\\/\\\/karladelara.com\\\/es\\\/colecciones\\\/joyas-de-mexico\\\/#breadcrumb\",\"itemListElement\":[{\"@type\":\"ListItem\",\"position\":1,\"name\":\"Home\",\"item\":\"https:\\\/\\\/karladelara.com\\\/es\\\/inicio\\\/\"},{\"@type\":\"ListItem\",\"position\":2,\"name\":\"Colecciones\",\"item\":\"https:\\\/\\\/karladelara.com\\\/es\\\/colecciones\\\/\"},{\"@type\":\"ListItem\",\"position\":3,\"name\":\"Joyas de M\u00e9xico\"}]},{\"@type\":\"WebSite\",\"@id\":\"https:\\\/\\\/karladelara.com\\\/es\\\/#website\",\"url\":\"https:\\\/\\\/karladelara.com\\\/es\\\/\",\"name\":\"Karla de Lara\",\"description\":\"La madre del arte pop hiperrealista\",\"alternateName\":\"KL\",\"potentialAction\":[{\"@type\":\"SearchAction\",\"target\":{\"@type\":\"EntryPoint\",\"urlTemplate\":\"https:\\\/\\\/karladelara.com\\\/es\\\/?s={search_term_string}\"},\"query-input\":{\"@type\":\"PropertyValueSpecification\",\"valueRequired\":true,\"valueName\":\"search_term_string\"}}],\"inLanguage\":\"es\"}]}<\/script>\n<!-- \/ Yoast SEO plugin. -->","yoast_head_json":{"title":"Joyas de M\u00e9xico - Karla de Lara","robots":{"index":"index","follow":"follow","max-snippet":"max-snippet:-1","max-image-preview":"max-image-preview:large","max-video-preview":"max-video-preview:-1"},"canonical":"https:\/\/karladelara.com\/es\/colecciones\/joyas-de-mexico\/","og_locale":"es_ES","og_type":"article","og_title":"Joyas de M\u00e9xico - Karla de Lara","og_description":"Colecciones Joyas de M\u00e9xico El vibrante esp\u00edritu de M\u00e9xico. \u00abJoyas de M\u00e9xico\u00bb es&hellip;","og_url":"https:\/\/karladelara.com\/es\/colecciones\/joyas-de-mexico\/","og_site_name":"Karla de Lara","article_modified_time":"2026-04-15T02:09:50+00:00","og_image":[{"width":1024,"height":502,"url":"https:\/\/karladelara.com\/wp-content\/uploads\/2025\/05\/MEXICO-VITRAL-JARDIN-BOTANICO-TOLUCA-1-1024x502-1.jpg","type":"image\/jpeg"}],"twitter_card":"summary_large_image","twitter_misc":{"Tiempo de lectura":"1 minuto"},"schema":{"@context":"https:\/\/schema.org","@graph":[{"@type":"WebPage","@id":"https:\/\/karladelara.com\/es\/colecciones\/joyas-de-mexico\/","url":"https:\/\/karladelara.com\/es\/colecciones\/joyas-de-mexico\/","name":"Joyas de M\u00e9xico - Karla de Lara","isPartOf":{"@id":"https:\/\/karladelara.com\/es\/#website"},"primaryImageOfPage":{"@id":"https:\/\/karladelara.com\/es\/colecciones\/joyas-de-mexico\/#primaryimage"},"image":{"@id":"https:\/\/karladelara.com\/es\/colecciones\/joyas-de-mexico\/#primaryimage"},"thumbnailUrl":"https:\/\/karladelara.com\/wp-content\/uploads\/2025\/05\/MEXICO-VITRAL-JARDIN-BOTANICO-TOLUCA-1-1024x502-1.jpg","datePublished":"2025-05-14T00:45:46+00:00","dateModified":"2026-04-15T02:09:50+00:00","breadcrumb":{"@id":"https:\/\/karladelara.com\/es\/colecciones\/joyas-de-mexico\/#breadcrumb"},"inLanguage":"es","potentialAction":[{"@type":"ReadAction","target":["https:\/\/karladelara.com\/es\/colecciones\/joyas-de-mexico\/"]}]},{"@type":"ImageObject","inLanguage":"es","@id":"https:\/\/karladelara.com\/es\/colecciones\/joyas-de-mexico\/#primaryimage","url":"https:\/\/karladelara.com\/wp-content\/uploads\/2025\/05\/MEXICO-VITRAL-JARDIN-BOTANICO-TOLUCA-1-1024x502-1.jpg","contentUrl":"https:\/\/karladelara.com\/wp-content\/uploads\/2025\/05\/MEXICO-VITRAL-JARDIN-BOTANICO-TOLUCA-1-1024x502-1.jpg","width":1024,"height":502,"caption":"Colors of Mexico"},{"@type":"BreadcrumbList","@id":"https:\/\/karladelara.com\/es\/colecciones\/joyas-de-mexico\/#breadcrumb","itemListElement":[{"@type":"ListItem","position":1,"name":"Home","item":"https:\/\/karladelara.com\/es\/inicio\/"},{"@type":"ListItem","position":2,"name":"Colecciones","item":"https:\/\/karladelara.com\/es\/colecciones\/"},{"@type":"ListItem","position":3,"name":"Joyas de M\u00e9xico"}]},{"@type":"WebSite","@id":"https:\/\/karladelara.com\/es\/#website","url":"https:\/\/karladelara.com\/es\/","name":"Karla de Lara","description":"La madre del arte pop hiperrealista","alternateName":"KL","potentialAction":[{"@type":"SearchAction","target":{"@type":"EntryPoint","urlTemplate":"https:\/\/karladelara.com\/es\/?s={search_term_string}"},"query-input":{"@type":"PropertyValueSpecification","valueRequired":true,"valueName":"search_term_string"}}],"inLanguage":"es"}]}},"_links":{"self":[{"href":"https:\/\/karladelara.com\/es\/wp-json\/wp\/v2\/pages\/10490","targetHints":{"allow":["GET"]}}],"collection":[{"href":"https:\/\/karladelara.com\/es\/wp-json\/wp\/v2\/pages"}],"about":[{"href":"https:\/\/karladelara.com\/es\/wp-json\/wp\/v2\/types\/page"}],"author":[{"embeddable":true,"href":"https:\/\/karladelara.com\/es\/wp-json\/wp\/v2\/users\/1"}],"replies":[{"embeddable":true,"href":"https:\/\/karladelara.com\/es\/wp-json\/wp\/v2\/comments?post=10490"}],"version-history":[{"count":3,"href":"https:\/\/karladelara.com\/es\/wp-json\/wp\/v2\/pages\/10490\/revisions"}],"predecessor-version":[{"id":10772,"href":"https:\/\/karladelara.com\/es\/wp-json\/wp\/v2\/pages\/10490\/revisions\/10772"}],"up":[{"embeddable":true,"href":"https:\/\/karladelara.com\/es\/wp-json\/wp\/v2\/pages\/10390"}],"wp:featuredmedia":[{"embeddable":true,"href":"https:\/\/karladelara.com\/es\/wp-json\/wp\/v2\/media\/10491"}],"wp:attachment":[{"href":"https:\/\/karladelara.com\/es\/wp-json\/wp\/v2\/media?parent=10490"}],"curies":[{"name":"wp","href":"https:\/\/api.w.org\/{rel}","templated":true}]}}